{"id":247,"date":"2024-04-16T08:27:00","date_gmt":"2024-04-16T08:27:00","guid":{"rendered":"https:\/\/zeerio.ch\/bellball\/?post_type=product&#038;p=247"},"modified":"2024-04-24T09:42:41","modified_gmt":"2024-04-24T09:42:41","slug":"pawpitcher","status":"publish","type":"product","link":"https:\/\/zeerio.ch\/bellball\/produkt\/pawpitcher\/","title":{"rendered":"PawPitcher"},"content":{"rendered":"<p>Ladem\u00f6glichkeitenStromanschlusses oder mit Batterien<\/p>\n<table width=\"714\">\n<tbody>\n<tr>\n<td width=\"132\">Gewicht<\/td>\n<td width=\"582\">0.5 kg<\/td>\n<\/tr>\n<tr>\n<td width=\"132\">Spielspezies<\/td>\n<td width=\"582\">Hund<\/td>\n<\/tr>\n<tr>\n<td width=\"132\">Material<\/td>\n<td width=\"582\">Kunststoff, Nylon<\/td>\n<\/tr>\n<tr>\n<td width=\"132\">Garantie<\/td>\n<td width=\"582\">3 Monate<\/td>\n<\/tr>\n<tr>\n<td width=\"132\">Funktionen<\/td>\n<td width=\"582\">Ballwurf (3-10m, einstellbar), Wasserausgabe, Futterausgabe<\/td>\n<\/tr>\n<\/tbody>\n<\/table>\n<p>FAQ<\/p>\n<div  class='togglecontainer av-8fybj-8f631e72f4edaa8fadcb05f8354a6886  avia-builder-el-0  avia-builder-el-no-sibling  toggle_close_all' >\n<section class='av_toggle_section av-lv6wcl3p-a2fa98cba9b6f57a87e13d2f5fd0121e'  itemscope=\"itemscope\" itemtype=\"https:\/\/schema.org\/CreativeWork\" ><div role=\"tablist\" class=\"single_toggle\" data-tags=\"{Alle} \"  ><p data-fake-id='#toggle-id-1' class='toggler   '  itemprop=\"headline\"  role='tab' tabindex='0' aria-controls='toggle-id-1'>Kann die Maschine auch im Garten verwendet werden?<span class=\"toggle_icon\"><span class=\"vert_icon\"><\/span><span class=\"hor_icon\"><\/span><\/span><\/p><div id='toggle-id-1' class='toggle_wrap  '  ><div class='toggle_content invers-color '  itemprop=\"text\" ><ul>\n<li>Ja, das Material ist so konzipiert, dass das Produkt auch im Freien verwendet werden kann.<\/li>\n<\/ul>\n<\/div><\/div><\/div><\/section>\n<section class='av_toggle_section av-lv6wd3ix-f8c75d1edc5ae7a9418f826c50bedf1b'  itemscope=\"itemscope\" itemtype=\"https:\/\/schema.org\/CreativeWork\" ><div role=\"tablist\" class=\"single_toggle\" data-tags=\"{Alle} \"  ><p data-fake-id='#toggle-id-2' class='toggler   '  itemprop=\"headline\"  role='tab' tabindex='0' aria-controls='toggle-id-2'>Wie lange betr\u00e4gt die Lieferzeit?<span class=\"toggle_icon\"><span class=\"vert_icon\"><\/span><span class=\"hor_icon\"><\/span><\/span><\/p><div id='toggle-id-2' class='toggle_wrap  '  ><div class='toggle_content invers-color '  itemprop=\"text\" ><ul>\n<li>Die Lieferzeit betr\u00e4gt 5-8 Werktage.<\/li>\n<\/ul>\n<\/div><\/div><\/div><\/section>\n<section class='av_toggle_section av-lv6wdo5w-330ec33d4bbd5e5f65f69252a7012dc9'  itemscope=\"itemscope\" itemtype=\"https:\/\/schema.org\/CreativeWork\" ><div role=\"tablist\" class=\"single_toggle\" data-tags=\"{Alle} \"  ><p data-fake-id='#toggle-id-3' class='toggler   '  itemprop=\"headline\"  role='tab' tabindex='0' aria-controls='toggle-id-3'>Ist diese Maschine f\u00fcr Hunde aller Gr\u00f6ssen geeignet?<span class=\"toggle_icon\"><span class=\"vert_icon\"><\/span><span class=\"hor_icon\"><\/span><\/span><\/p><div id='toggle-id-3' class='toggle_wrap  '  ><div class='toggle_content invers-color '  itemprop=\"text\" ><ul>\n<li>Ja, die Maschine ist f\u00fcr Hunde jeder Gr\u00f6sse geeignet.<\/li>\n<\/ul>\n<\/div><\/div><\/div><\/section>\n<section class='av_toggle_section av-lv6wewnb-f867db439cd2dde0e514dccc3708d912'  itemscope=\"itemscope\" itemtype=\"https:\/\/schema.org\/CreativeWork\" ><div role=\"tablist\" class=\"single_toggle\" data-tags=\"{Alle} \"  ><p data-fake-id='#toggle-id-4' class='toggler   '  itemprop=\"headline\"  role='tab' tabindex='0' aria-controls='toggle-id-4'>Ist der Ball im Lieferumfang enthalten oder muss er separat erworben werden?<span class=\"toggle_icon\"><span class=\"vert_icon\"><\/span><span class=\"hor_icon\"><\/span><\/span><\/p><div id='toggle-id-4' class='toggle_wrap  '  ><div class='toggle_content invers-color '  itemprop=\"text\" ><ul>\n<li>Der Ball ist nicht im Lieferumfang enthalten, es handelt sich jedoch um einen handels\u00fcblichen Tennisball.<\/li>\n<\/ul>\n<\/div><\/div><\/div><\/section>\n<section class='av_toggle_section av-lv6wfm6e-2f3b01377b8dc956f5d365232c71433b'  itemscope=\"itemscope\" itemtype=\"https:\/\/schema.org\/CreativeWork\" ><div role=\"tablist\" class=\"single_toggle\" data-tags=\"{Alle} \"  ><p data-fake-id='#toggle-id-5' class='toggler   '  itemprop=\"headline\"  role='tab' tabindex='0' aria-controls='toggle-id-5'>Ist die Ballmaschine leicht zu reinigen?<span class=\"toggle_icon\"><span class=\"vert_icon\"><\/span><span class=\"hor_icon\"><\/span><\/span><\/p><div id='toggle-id-5' class='toggle_wrap  '  ><div class='toggle_content invers-color '  itemprop=\"text\" ><ul>\n<li>Ja, unser PawPitcher ist einfach zu reinigen. Es kann mit einem feuchten Tuch abgewischt werden, um Schmutz oder Hundeabdr\u00fccke zu entfernen.<\/li>\n<\/ul>\n<\/div><\/div><\/div><\/section>\n<section class='av_toggle_section av-lv6wg3zd-f9de537cf9e6755aafc680c537f09513'  itemscope=\"itemscope\" itemtype=\"https:\/\/schema.org\/CreativeWork\" ><div role=\"tablist\" class=\"single_toggle\" data-tags=\"{Alle} \"  ><p data-fake-id='#toggle-id-6' class='toggler   '  itemprop=\"headline\"  role='tab' tabindex='0' aria-controls='toggle-id-6'>Wie laut ist die Ballmaschine beim Betrieb?<span class=\"toggle_icon\"><span class=\"vert_icon\"><\/span><span class=\"hor_icon\"><\/span><\/span><\/p><div id='toggle-id-6' class='toggle_wrap  '  ><div class='toggle_content invers-color '  itemprop=\"text\" ><ul>\n<li>Unser PawPitcher wurde so konstruiert, dass er leise arbeitet, um Ihre Ruhe nicht zu st\u00f6ren und Ihren Hund nicht zu erschrecken.<\/li>\n<\/ul>\n<\/div><\/div><\/div><\/section>\n<section class='av_toggle_section av-lv6wgjtv-62b9587b2073fb663e31c04c5b68dc7b'  itemscope=\"itemscope\" itemtype=\"https:\/\/schema.org\/CreativeWork\" ><div role=\"tablist\" class=\"single_toggle\" data-tags=\"{Alle} \"  ><p data-fake-id='#toggle-id-7' class='toggler   '  itemprop=\"headline\"  role='tab' tabindex='0' aria-controls='toggle-id-7'>Wenn Sie hier keine Antwort auf Ihre Frage gefunden haben, z\u00f6gern Sie nicht, uns zu <a href=\"https:\/\/zeerio.ch\/bellball\/kontakt\/\">kontaktieren<\/a>. Wir helfen Ihnen gerne weiter!<span class=\"toggle_icon\"><span class=\"vert_icon\"><\/span><span class=\"hor_icon\"><\/span><\/span><\/p><div id='toggle-id-7' class='toggle_wrap  '  ><div class='toggle_content invers-color '  itemprop=\"text\" ><\/div><\/div><\/div><\/section>\n<\/div>\n","protected":false},"excerpt":{"rendered":"<p><br class=\"avia-permanent-lb\" \/><strong> PawPitcher &#8211; Die ultimative Ballwurfmaschine f\u00fcr Hunde<\/strong><br \/>\n<br class=\"avia-permanent-lb\" \/><\/p>\n<p>Unser PawPitcher bietet nicht nur stundenlangen Spielspa\u00df f\u00fcr Ihren vierbeinigen Freund, sondern f\u00f6rdert auch seine geistige und k\u00f6rperliche Gesundheit. Mit einer verstellbaren Ballwurfweite von bis zu 10 Metern k\u00f6nnen Sie das Spiel ganz nach den Bed\u00fcrfnissen Ihres Hundes anpassen &#8211; egal, ob drinnen oder drau\u00dfen.<\/p>\n<p>Aber das ist noch nicht alles! Unser PawPitcher beinhaltet ein integriertes Geschicklichkeitsspiel mit Leckerli-Ausgabe, das die Intelligenz Ihres Hundes herausfordert und ihn gleichzeitig belohnt. Und damit Ihr Hund auch w\u00e4hrend des Spiels hydriert bleibt, verf\u00fcgt der PawPitcher \u00fcber einen praktischen Wasserbeh\u00e4lter.<\/p>\n","protected":false},"featured_media":225,"template":"","meta":[],"product_cat":[19],"product_tag":[],"class_list":{"0":"post-247","1":"product","2":"type-product","3":"status-publish","4":"has-post-thumbnail","6":"product_cat-unkategorisiert","8":"first","9":"instock","10":"taxable","11":"shipping-taxable","12":"purchasable","13":"product-type-variable"},"_links":{"self":[{"href":"https:\/\/zeerio.ch\/bellball\/wp-json\/wp\/v2\/product\/247","targetHints":{"allow":["GET"]}}],"collection":[{"href":"https:\/\/zeerio.ch\/bellball\/wp-json\/wp\/v2\/product"}],"about":[{"href":"https:\/\/zeerio.ch\/bellball\/wp-json\/wp\/v2\/types\/product"}],"wp:featuredmedia":[{"embeddable":true,"href":"https:\/\/zeerio.ch\/bellball\/wp-json\/wp\/v2\/media\/225"}],"wp:attachment":[{"href":"https:\/\/zeerio.ch\/bellball\/wp-json\/wp\/v2\/media?parent=247"}],"wp:term":[{"taxonomy":"product_cat","embeddable":true,"href":"https:\/\/zeerio.ch\/bellball\/wp-json\/wp\/v2\/product_cat?post=247"},{"taxonomy":"product_tag","embeddable":true,"href":"https:\/\/zeerio.ch\/bellball\/wp-json\/wp\/v2\/product_tag?post=247"}],"curies":[{"name":"wp","href":"https:\/\/api.w.org\/{rel}","templated":true}]}}