{"id":35,"date":"2024-02-27T00:35:54","date_gmt":"2024-02-27T00:35:54","guid":{"rendered":"https:\/\/zeerio.ch\/bellball\/?page_id=35"},"modified":"2024-04-17T12:31:16","modified_gmt":"2024-04-17T12:31:16","slug":"geschichte","status":"publish","type":"page","link":"https:\/\/zeerio.ch\/bellball\/geschichte\/","title":{"rendered":"Unsere Geschichte"},"content":{"rendered":"\n<style type=\"text\/css\" data-created_by=\"avia_inline_auto\" id=\"style-css-av-lt42tt78-c8dd84949bb2827d1874dc6e23910822\">\n#top .av-special-heading.av-lt42tt78-c8dd84949bb2827d1874dc6e23910822{\npadding-bottom:10px;\n}\nbody .av-special-heading.av-lt42tt78-c8dd84949bb2827d1874dc6e23910822 .av-special-heading-tag .heading-char{\nfont-size:25px;\n}\n.av-special-heading.av-lt42tt78-c8dd84949bb2827d1874dc6e23910822 .av-subheading{\nfont-size:15px;\n}\n<\/style>\n<div  class='av-special-heading av-lt42tt78-c8dd84949bb2827d1874dc6e23910822 av-special-heading-h2  avia-builder-el-0  el_before_av_hr  avia-builder-el-first '><h2 class='av-special-heading-tag'  itemprop=\"headline\"  >Die Geschichte hinter dem Produkt<\/h2><div class=\"special-heading-border\"><div class=\"special-heading-inner-border\"><\/div><\/div><\/div>\n\n<style type=\"text\/css\" data-created_by=\"avia_inline_auto\" id=\"style-css-av-lt4807xo-2ad5c7c5029cf3602654ffb9ebb5ba6f\">\n#top .hr.hr-invisible.av-lt4807xo-2ad5c7c5029cf3602654ffb9ebb5ba6f{\nheight:25px;\n}\n<\/style>\n<div  class='hr av-lt4807xo-2ad5c7c5029cf3602654ffb9ebb5ba6f hr-invisible  avia-builder-el-1  el_after_av_heading  el_before_av_textblock '><span class='hr-inner '><span class=\"hr-inner-style\"><\/span><\/span><\/div>\n<section  class='av_textblock_section av-lt74s4s3-73d16a35411918b4d42e9dd9946b41c4 '   itemscope=\"itemscope\" itemtype=\"https:\/\/schema.org\/CreativeWork\" ><div class='avia_textblock'  itemprop=\"text\" ><p><strong>Gegr\u00fcndet von Olivia Smith und Emily Johansson, sind wir ein engagiertes Team, das sich leidenschaftlich f\u00fcr das Wohlergehen von Hunden einsetzt.<\/strong><\/p>\n<\/div><\/section>\n<div  class='flex_column av-4wzv3-dae51124b238866e7d4af9d512c5973a av_three_fourth  avia-builder-el-3  el_after_av_textblock  el_before_av_one_fourth  first flex_column_div  column-top-margin'     ><style type=\"text\/css\" data-created_by=\"avia_inline_auto\" id=\"style-css-av-lt42q1y5-bb452c99e4770d7c2ca080d473d213db\">\n#top .av_textblock_section.av-lt42q1y5-bb452c99e4770d7c2ca080d473d213db .avia_textblock{\nfont-size:14px;\n}\n<\/style>\n<section  class='av_textblock_section av-lt42q1y5-bb452c99e4770d7c2ca080d473d213db '   itemscope=\"itemscope\" itemtype=\"https:\/\/schema.org\/CreativeWork\" ><div class='avia_textblock'  itemprop=\"text\" ><p>Unsere Grundidee war es, eine Ballmaschine f\u00fcr Hunde zu entwickeln. Das Ziel war es, Besitzern mit Einschr\u00e4nkungen oder wenig Zeit zu helfen, ihre vierbeinigen Freunde zu unterhalten.<\/p>\n<\/div><\/section><\/div>\n<div  class='flex_column av-folz-cd91561c640bc3164b37495cbfdfa2e9 av_one_fourth  avia-builder-el-5  el_after_av_three_fourth  el_before_av_three_fourth  flex_column_div  column-top-margin'     ><style type=\"text\/css\" data-created_by=\"avia_inline_auto\" id=\"style-css-av-lt42psdl-e5e47bb270a66645fb378954a25fa298\">\n.avia-image-container.av-lt42psdl-e5e47bb270a66645fb378954a25fa298 img.avia_image{\nbox-shadow:none;\n}\n.avia-image-container.av-lt42psdl-e5e47bb270a66645fb378954a25fa298 .av-image-caption-overlay-center{\ncolor:#ffffff;\n}\n<\/style>\n<div  class='avia-image-container av-lt42psdl-e5e47bb270a66645fb378954a25fa298 av-styling- avia-align-center  avia-builder-el-6  avia-builder-el-no-sibling '   itemprop=\"image\" itemscope=\"itemscope\" itemtype=\"https:\/\/schema.org\/ImageObject\" ><div class=\"avia-image-container-inner\"><div class=\"avia-image-overlay-wrap\"><img decoding=\"async\" fetchpriority=\"high\" class='wp-image-63 avia-img-lazy-loading-not-63 avia_image ' src=\"https:\/\/zeerio.ch\/bellball\/wp-content\/uploads\/2024\/02\/Skizze-Ballwurfmaschine-300x160.jpg\" alt='' title='Skizze Ballwurfmaschine'  height=\"160\" width=\"300\"  itemprop=\"thumbnailUrl\" srcset=\"https:\/\/zeerio.ch\/bellball\/wp-content\/uploads\/2024\/02\/Skizze-Ballwurfmaschine-300x160.jpg 300w, https:\/\/zeerio.ch\/bellball\/wp-content\/uploads\/2024\/02\/Skizze-Ballwurfmaschine-600x320.jpg 600w, https:\/\/zeerio.ch\/bellball\/wp-content\/uploads\/2024\/02\/Skizze-Ballwurfmaschine-768x409.jpg 768w, https:\/\/zeerio.ch\/bellball\/wp-content\/uploads\/2024\/02\/Skizze-Ballwurfmaschine-705x376.jpg 705w, https:\/\/zeerio.ch\/bellball\/wp-content\/uploads\/2024\/02\/Skizze-Ballwurfmaschine.jpg 818w\" sizes=\"(max-width: 300px) 100vw, 300px\" \/><\/div><\/div><\/div><\/div>\n<div  class='flex_column av-40xun-d2dacdbefc1b9c84de35c08a10e6782e av_three_fourth  avia-builder-el-7  el_after_av_one_fourth  el_before_av_one_fourth  first flex_column_div  column-top-margin'     ><style type=\"text\/css\" data-created_by=\"avia_inline_auto\" id=\"style-css-av-lt42qdgu-a286752c4ccf2025540dc5d0ab6ecef1\">\n#top .av_textblock_section.av-lt42qdgu-a286752c4ccf2025540dc5d0ab6ecef1 .avia_textblock{\nfont-size:14px;\n}\n<\/style>\n<section  class='av_textblock_section av-lt42qdgu-a286752c4ccf2025540dc5d0ab6ecef1 '   itemscope=\"itemscope\" itemtype=\"https:\/\/schema.org\/CreativeWork\" ><div class='avia_textblock'  itemprop=\"text\" ><p>Nachdem die Hunde viel hin und her rennen, brauchen sie bestimmt eine Erfrischung. Deshalb haben wir einen Wasserbeh\u00e4lter eingebaut. So kann dein Hund, auch wenn er gerade nicht spielt, seinen Durst l\u00f6schen.<\/p>\n<\/div><\/section><\/div>\n<div  class='flex_column av-39amv-19c1adfe820746f38bf4b100b38efc8f av_one_fourth  avia-builder-el-9  el_after_av_three_fourth  el_before_av_three_fourth  flex_column_div  column-top-margin'     ><style type=\"text\/css\" data-created_by=\"avia_inline_auto\" id=\"style-css-av-lt42quik-4d6a962ef54827ec33aa599c6dd691a0\">\n.avia-image-container.av-lt42quik-4d6a962ef54827ec33aa599c6dd691a0 img.avia_image{\nbox-shadow:none;\n}\n.avia-image-container.av-lt42quik-4d6a962ef54827ec33aa599c6dd691a0 .av-image-caption-overlay-center{\ncolor:#ffffff;\n}\n<\/style>\n<div  class='avia-image-container av-lt42quik-4d6a962ef54827ec33aa599c6dd691a0 av-styling- avia-align-center  avia-builder-el-10  avia-builder-el-no-sibling '   itemprop=\"image\" itemscope=\"itemscope\" itemtype=\"https:\/\/schema.org\/ImageObject\" ><div class=\"avia-image-container-inner\"><div class=\"avia-image-overlay-wrap\"><img decoding=\"async\" fetchpriority=\"high\" class='wp-image-64 avia-img-lazy-loading-not-64 avia_image ' src=\"https:\/\/zeerio.ch\/bellball\/wp-content\/uploads\/2024\/02\/Skizze-Wasserbehaelter.jpg\" alt='' title='Skizze Wasserbeh\u00e4lter'  height=\"240\" width=\"276\"  itemprop=\"thumbnailUrl\"  \/><\/div><\/div><\/div><\/div>\n<div  class='flex_column av-8wbj-ad6fdbdbdae5a91d7f9871b4e1c7ccfe av_three_fourth  avia-builder-el-11  el_after_av_one_fourth  el_before_av_one_fourth  first flex_column_div  column-top-margin'     ><style type=\"text\/css\" data-created_by=\"avia_inline_auto\" id=\"style-css-av-lt42rn75-0792f4098a0d3e4054ff5da805a07315\">\n#top .av_textblock_section.av-lt42rn75-0792f4098a0d3e4054ff5da805a07315 .avia_textblock{\nfont-size:14px;\n}\n<\/style>\n<section  class='av_textblock_section av-lt42rn75-0792f4098a0d3e4054ff5da805a07315 '   itemscope=\"itemscope\" itemtype=\"https:\/\/schema.org\/CreativeWork\" ><div class='avia_textblock'  itemprop=\"text\" ><p>Damit dein Hund auch gesund und fit bleibt, hat es nebst dem Wasserbeh\u00e4lter auch ein Geschicklichkeitsspiel.\u00a0Der Hund muss mit seiner Schnauze den Beh\u00e4lter mit dem L\u00e4ckerli drehen. Das L\u00e4ckerli fehlt dann im Labyrinth. Der Hund kann sich nun auf die Suche nach dem Leckerli machen.<\/p>\n<\/div><\/section><\/div>\n<div  class='flex_column av-20kg7-7b6aba04a214c51970d0c06c128b9e2f av_one_fourth  avia-builder-el-13  el_after_av_three_fourth  el_before_av_three_fourth  flex_column_div  column-top-margin'     ><style type=\"text\/css\" data-created_by=\"avia_inline_auto\" id=\"style-css-av-lt42rc7v-24b830c683be08d751630c042faf2f8f\">\n.avia-image-container.av-lt42rc7v-24b830c683be08d751630c042faf2f8f img.avia_image{\nbox-shadow:none;\n}\n.avia-image-container.av-lt42rc7v-24b830c683be08d751630c042faf2f8f .av-image-caption-overlay-center{\ncolor:#ffffff;\n}\n<\/style>\n<div  class='avia-image-container av-lt42rc7v-24b830c683be08d751630c042faf2f8f av-styling- avia-align-center  avia-builder-el-14  avia-builder-el-no-sibling '   itemprop=\"image\" itemscope=\"itemscope\" itemtype=\"https:\/\/schema.org\/ImageObject\" ><div class=\"avia-image-container-inner\"><div class=\"avia-image-overlay-wrap\"><img decoding=\"async\" fetchpriority=\"high\" class='wp-image-65 avia-img-lazy-loading-not-65 avia_image ' src=\"https:\/\/zeerio.ch\/bellball\/wp-content\/uploads\/2024\/02\/Skizze-Geschicklichkeitsspiel-215x300.jpg\" alt='' title='Skizze Geschicklichkeitsspiel'  height=\"300\" width=\"215\"  itemprop=\"thumbnailUrl\" srcset=\"https:\/\/zeerio.ch\/bellball\/wp-content\/uploads\/2024\/02\/Skizze-Geschicklichkeitsspiel-215x300.jpg 215w, https:\/\/zeerio.ch\/bellball\/wp-content\/uploads\/2024\/02\/Skizze-Geschicklichkeitsspiel.jpg 225w\" sizes=\"(max-width: 215px) 100vw, 215px\" \/><\/div><\/div><\/div><\/div>\n<div  class='flex_column av-1r28r-0fff9cdc87769d0ffe4521b10a92ba99 av_three_fourth  avia-builder-el-15  el_after_av_one_fourth  el_before_av_one_fourth  first flex_column_div  column-top-margin'     ><style type=\"text\/css\" data-created_by=\"avia_inline_auto\" id=\"style-css-av-lt42s9ga-f21787c387e73047bb6c7bddd48e4ec7\">\n#top .av_textblock_section.av-lt42s9ga-f21787c387e73047bb6c7bddd48e4ec7 .avia_textblock{\nfont-size:14px;\n}\n<\/style>\n<section  class='av_textblock_section av-lt42s9ga-f21787c387e73047bb6c7bddd48e4ec7 '   itemscope=\"itemscope\" itemtype=\"https:\/\/schema.org\/CreativeWork\" ><div class='avia_textblock'  itemprop=\"text\" ><p>So entstand unser PawPitcher aus der Leidenschaft f\u00fcr aktives Spielen drinnen und draussen und dem Bed\u00fcrfnis, unseren Vierbeinern eine unterhaltsame und gesunde Bewegungsm\u00f6glichkeit zu bieten.<\/p>\n<\/div><\/section><\/div>\n<div  class='flex_column av-f2n-690190654277fa18e1050817a27e665e av_one_fourth  avia-builder-el-17  el_after_av_three_fourth  avia-builder-el-last  flex_column_div  column-top-margin'     ><style type=\"text\/css\" data-created_by=\"avia_inline_auto\" id=\"style-css-av-lt42sq0u-de44da39c21de0910f05774e7bb99c26\">\n.avia-image-container.av-lt42sq0u-de44da39c21de0910f05774e7bb99c26 img.avia_image{\nbox-shadow:none;\n}\n.avia-image-container.av-lt42sq0u-de44da39c21de0910f05774e7bb99c26 .av-image-caption-overlay-center{\ncolor:#ffffff;\n}\n<\/style>\n<div  class='avia-image-container av-lt42sq0u-de44da39c21de0910f05774e7bb99c26 av-styling- avia-align-center  avia-builder-el-18  avia-builder-el-no-sibling '   itemprop=\"image\" itemscope=\"itemscope\" itemtype=\"https:\/\/schema.org\/ImageObject\" ><div class=\"avia-image-container-inner\"><div class=\"avia-image-overlay-wrap\"><img decoding=\"async\" fetchpriority=\"high\" class='wp-image-66 avia-img-lazy-loading-not-66 avia_image ' src=\"https:\/\/zeerio.ch\/bellball\/wp-content\/uploads\/2024\/02\/Skizze-PawPitcher-300x170.jpg\" alt='' title='Skizze PawPitcher'  height=\"170\" width=\"300\"  itemprop=\"thumbnailUrl\" srcset=\"https:\/\/zeerio.ch\/bellball\/wp-content\/uploads\/2024\/02\/Skizze-PawPitcher-300x170.jpg 300w, https:\/\/zeerio.ch\/bellball\/wp-content\/uploads\/2024\/02\/Skizze-PawPitcher.jpg 391w\" sizes=\"(max-width: 300px) 100vw, 300px\" \/><\/div><\/div><\/div><\/div>\n","protected":false},"excerpt":{"rendered":"","protected":false},"author":1,"featured_media":0,"parent":0,"menu_order":0,"comment_status":"closed","ping_status":"closed","template":"","meta":{"footnotes":""},"class_list":["post-35","page","type-page","status-publish","hentry"],"_links":{"self":[{"href":"https:\/\/zeerio.ch\/bellball\/wp-json\/wp\/v2\/pages\/35","targetHints":{"allow":["GET"]}}],"collection":[{"href":"https:\/\/zeerio.ch\/bellball\/wp-json\/wp\/v2\/pages"}],"about":[{"href":"https:\/\/zeerio.ch\/bellball\/wp-json\/wp\/v2\/types\/page"}],"author":[{"embeddable":true,"href":"https:\/\/zeerio.ch\/bellball\/wp-json\/wp\/v2\/users\/1"}],"replies":[{"embeddable":true,"href":"https:\/\/zeerio.ch\/bellball\/wp-json\/wp\/v2\/comments?post=35"}],"version-history":[{"count":13,"href":"https:\/\/zeerio.ch\/bellball\/wp-json\/wp\/v2\/pages\/35\/revisions"}],"predecessor-version":[{"id":291,"href":"https:\/\/zeerio.ch\/bellball\/wp-json\/wp\/v2\/pages\/35\/revisions\/291"}],"wp:attachment":[{"href":"https:\/\/zeerio.ch\/bellball\/wp-json\/wp\/v2\/media?parent=35"}],"curies":[{"name":"wp","href":"https:\/\/api.w.org\/{rel}","templated":true}]}}