{"id":286,"date":"2024-04-17T12:15:09","date_gmt":"2024-04-17T12:15:09","guid":{"rendered":"https:\/\/zeerio.ch\/bellball\/?page_id=286"},"modified":"2024-04-17T13:22:07","modified_gmt":"2024-04-17T13:22:07","slug":"vision","status":"publish","type":"page","link":"https:\/\/zeerio.ch\/bellball\/vision\/","title":{"rendered":"Vision"},"content":{"rendered":"\n<style type=\"text\/css\" data-created_by=\"avia_inline_auto\" id=\"style-css-av-lv3tf4lx-99f52dd3abfaee9c9732ea2bf5dca215\">\n#top .av-special-heading.av-lv3tf4lx-99f52dd3abfaee9c9732ea2bf5dca215{\npadding-bottom:10px;\n}\nbody .av-special-heading.av-lv3tf4lx-99f52dd3abfaee9c9732ea2bf5dca215 .av-special-heading-tag .heading-char{\nfont-size:25px;\n}\n.av-special-heading.av-lv3tf4lx-99f52dd3abfaee9c9732ea2bf5dca215 .av-subheading{\nfont-size:15px;\n}\n<\/style>\n<div  class='av-special-heading av-lv3tf4lx-99f52dd3abfaee9c9732ea2bf5dca215 av-special-heading-h2  avia-builder-el-0  el_before_av_icon_circles  avia-builder-el-first '><h2 class='av-special-heading-tag'  itemprop=\"headline\"  >Unsere Vision <\/h2><div class=\"special-heading-border\"><div class=\"special-heading-inner-border\"><\/div><\/div><\/div>\n\n<style type=\"text\/css\" data-created_by=\"avia_inline_auto\" id=\"style-css-av-lv3s0wqn-6b495036436c4386fe36be6e9e3aeaf7\">\n.av-icon-circles-container.av-lv3s0wqn-6b495036436c4386fe36be6e9e3aeaf7 .avia-icon-circles-icon-1{\ntransform:translate(0px,250px);\nleft:50%;\ntop:0%;\n}\n.av-icon-circles-container.av-lv3s0wqn-6b495036436c4386fe36be6e9e3aeaf7.avia_start_animation .avia-icon-circles-icon-1{\ntransform:translate(0px,0px);\nopacity:1;\ntransition-delay:1s;\n}\n.av-icon-circles-container.av-lv3s0wqn-6b495036436c4386fe36be6e9e3aeaf7 .avia-icon-circles-icon-2{\ntransform:translate(-160px,191px);\nleft:82%;\ntop:11%;\n}\n.av-icon-circles-container.av-lv3s0wqn-6b495036436c4386fe36be6e9e3aeaf7.avia_start_animation .avia-icon-circles-icon-2{\ntransform:translate(0px,0px);\nopacity:1;\ntransition-delay:1.2s;\n}\n.av-icon-circles-container.av-lv3s0wqn-6b495036436c4386fe36be6e9e3aeaf7 .avia-icon-circles-icon-3{\ntransform:translate(-246px,43px);\nleft:99%;\ntop:41%;\n}\n.av-icon-circles-container.av-lv3s0wqn-6b495036436c4386fe36be6e9e3aeaf7.avia_start_animation .avia-icon-circles-icon-3{\ntransform:translate(0px,0px);\nopacity:1;\ntransition-delay:1.4s;\n}\n.av-icon-circles-container.av-lv3s0wqn-6b495036436c4386fe36be6e9e3aeaf7 .avia-icon-circles-icon-4{\ntransform:translate(-216px,-124px);\nleft:93%;\ntop:74%;\n}\n.av-icon-circles-container.av-lv3s0wqn-6b495036436c4386fe36be6e9e3aeaf7.avia_start_animation .avia-icon-circles-icon-4{\ntransform:translate(0px,0px);\nopacity:1;\ntransition-delay:1.6s;\n}\n.av-icon-circles-container.av-lv3s0wqn-6b495036436c4386fe36be6e9e3aeaf7 .avia-icon-circles-icon-5{\ntransform:translate(-85px,-234px);\nleft:67%;\ntop:96%;\n}\n.av-icon-circles-container.av-lv3s0wqn-6b495036436c4386fe36be6e9e3aeaf7.avia_start_animation .avia-icon-circles-icon-5{\ntransform:translate(0px,0px);\nopacity:1;\ntransition-delay:1.8s;\n}\n.av-icon-circles-container.av-lv3s0wqn-6b495036436c4386fe36be6e9e3aeaf7 .avia-icon-circles-icon-6{\ntransform:translate(85px,-234px);\nleft:32%;\ntop:96%;\n}\n.av-icon-circles-container.av-lv3s0wqn-6b495036436c4386fe36be6e9e3aeaf7.avia_start_animation .avia-icon-circles-icon-6{\ntransform:translate(0px,0px);\nopacity:1;\ntransition-delay:2s;\n}\n.av-icon-circles-container.av-lv3s0wqn-6b495036436c4386fe36be6e9e3aeaf7 .avia-icon-circles-icon-7{\ntransform:translate(216px,-125px);\nleft:6%;\ntop:75%;\n}\n.av-icon-circles-container.av-lv3s0wqn-6b495036436c4386fe36be6e9e3aeaf7.avia_start_animation .avia-icon-circles-icon-7{\ntransform:translate(0px,0px);\nopacity:1;\ntransition-delay:2.2s;\n}\n.av-icon-circles-container.av-lv3s0wqn-6b495036436c4386fe36be6e9e3aeaf7 .avia-icon-circles-icon-8{\ntransform:translate(246px,43px);\nleft:0%;\ntop:41%;\n}\n.av-icon-circles-container.av-lv3s0wqn-6b495036436c4386fe36be6e9e3aeaf7.avia_start_animation .avia-icon-circles-icon-8{\ntransform:translate(0px,0px);\nopacity:1;\ntransition-delay:2.4s;\n}\n.av-icon-circles-container.av-lv3s0wqn-6b495036436c4386fe36be6e9e3aeaf7 .avia-icon-circles-icon-9{\ntransform:translate(160px,191px);\nleft:17%;\ntop:11%;\n}\n.av-icon-circles-container.av-lv3s0wqn-6b495036436c4386fe36be6e9e3aeaf7.avia_start_animation .avia-icon-circles-icon-9{\ntransform:translate(0px,0px);\nopacity:1;\ntransition-delay:2.6s;\n}\n.av-icon-circles-container.av-lv3s0wqn-6b495036436c4386fe36be6e9e3aeaf7.avia_start_animation.avia_animation_finished .avia-icon-circles-icon{\ntransition-delay:0s;\n}\n<\/style>\n\n<style type=\"text\/css\" data-created_by=\"avia_inline_auto\" id=\"style-css-sub-av-lv3s0wqn-6b495036436c4386fe36be6e9e3aeaf7\">\n.av-icon-circles-container .avia-icon-circles-icon.av-lv3spbd3-09839512a3801b9da14c7cfb0dc2550b{\ncolor:#b02b2c;\nbackground:rgba(175,175,175,0.74);\nborder-color:#000000;\n}\n.av-icon-circles-container .avia-icon-circles-icon.av-lv3spbd3-09839512a3801b9da14c7cfb0dc2550b.active{\ncolor:rgba(176,43,44,0.84);\nbackground:rgba(255,255,255,0.01);\nborder-color:#b02b2c;\n}\n.av-icon-circles-container .avia-icon-circles-icon.av-lv3ss8vi-604508015f9246860d064b967a9644d4{\ncolor:#b02b2c;\nbackground:rgba(175,175,175,0.74);\nborder-color:#000000;\n}\n.av-icon-circles-container .avia-icon-circles-icon.av-lv3ss8vi-604508015f9246860d064b967a9644d4.active{\ncolor:rgba(175,0,0,0.84);\nborder-color:#b02b2c;\n}\n.av-icon-circles-container .avia-icon-circles-icon.av-lv3suar1-72d3c63c388a44ce796082b5fdc26ff5{\ncolor:#b02b2c;\nbackground:rgba(175,175,175,0.84);\nborder-color:#000000;\n}\n.av-icon-circles-container .avia-icon-circles-icon.av-lv3suar1-72d3c63c388a44ce796082b5fdc26ff5.active{\ncolor:#af5959;\nborder-color:#b02b2c;\n}\n.av-icon-circles-container .avia-icon-circles-icon.av-lv3sw03x-05bd848641255b2dcbf65c296654f95c{\ncolor:#b02b2c;\nbackground:rgba(175,175,175,0.84);\nborder-color:#000000;\n}\n.av-icon-circles-container .avia-icon-circles-icon.av-lv3sw03x-05bd848641255b2dcbf65c296654f95c.active{\ncolor:#b02b2c;\nborder-color:#b02b2c;\n}\n.av-icon-circles-container .avia-icon-circles-icon.av-lv3sv87q-3cddcc8d691efb405ee855e5300b6267{\ncolor:#b02b2c;\nbackground:rgba(175,175,175,0.84);\nborder-color:#000000;\n}\n.av-icon-circles-container .avia-icon-circles-icon.av-lv3sv87q-3cddcc8d691efb405ee855e5300b6267.active{\ncolor:#b02b2c;\nborder-color:#b02b2c;\n}\n.av-icon-circles-container .avia-icon-circles-icon.av-lv3sxjuu-ae0a4243499b84a00b1531b72f68b1d2{\ncolor:#b02b2c;\nbackground:rgba(175,175,175,0.84);\nborder-color:#000000;\n}\n.av-icon-circles-container .avia-icon-circles-icon.av-lv3sxjuu-ae0a4243499b84a00b1531b72f68b1d2.active{\ncolor:#b02b2c;\nborder-color:#b02b2c;\n}\n.av-icon-circles-container .avia-icon-circles-icon.av-lv3sy24l-a69d31510349e48256ed466700fecf9d{\ncolor:#b02b2c;\nbackground:rgba(175,175,175,0.84);\nborder-color:#000000;\n}\n.av-icon-circles-container .avia-icon-circles-icon.av-lv3sy24l-a69d31510349e48256ed466700fecf9d.active{\ncolor:#b02b2c;\nborder-color:#b02b2c;\n}\n.av-icon-circles-container .avia-icon-circles-icon.av-lv3syq8t-308068ea894c9325fc5bb175874d6e73{\ncolor:#b02b2c;\nbackground:rgba(175,175,175,0.84);\nborder-color:#000000;\n}\n.av-icon-circles-container .avia-icon-circles-icon.av-lv3syq8t-308068ea894c9325fc5bb175874d6e73.active{\ncolor:#b02b2c;\nborder-color:#b02b2c;\n}\n.av-icon-circles-container .avia-icon-circles-icon.av-lv3szvlp-73455182651fecd33b11a9d081d14258{\ncolor:#b02b2c;\nbackground:rgba(175,175,175,0.84);\nborder-color:#000000;\n}\n.av-icon-circles-container .avia-icon-circles-icon.av-lv3szvlp-73455182651fecd33b11a9d081d14258.active{\ncolor:#b02b2c;\nborder-color:#b02b2c;\n}\n<\/style>\n<div class='av-icon-circles-container av-lv3s0wqn-6b495036436c4386fe36be6e9e3aeaf7 avia_animate_when_visible  avia-builder-el-1  el_after_av_heading  avia-builder-el-last ' ><div class='avia-icon-circles-main-logo'  itemprop=\"image\" itemscope=\"itemscope\" itemtype=\"https:\/\/schema.org\/ImageObject\" ><img src='https:\/\/zeerio.ch\/bellball\/wp-content\/uploads\/2024\/02\/Logo-BellBall-GmbH.png' alt='' title='Logo BellBall GmbH'  itemprop=\"thumbnailUrl\"  \/><\/div><div class=\"avia-icon-circles-inner\"><div class='avia-icon-circles-icon av-lv3spbd3-09839512a3801b9da14c7cfb0dc2550b iconfont av-no-link avia-icon-circles-icon-1' data-icon-circles-icon=\"1\" aria-hidden='true' data-av_icon='\ue807' data-av_iconfont='entypo-fontello'><\/div><div class='avia-icon-circles-icon-text av-lv3spbd3-09839512a3801b9da14c7cfb0dc2550b avia-icon-circles-icon-text-1' data-icon-circles-text=\"1\"><div class=\"avia-icon-circles-icon-text-inner\"><div class=\"icon-title\">Unterhaltung<\/div><div class=\"icon-description\"><p>Wir m\u00f6chten sicherstellen, dass kein Hund sich jemals allein und gelangweilt f\u00fchlt, indem wir eine endlose Quelle der Unterhaltung bieten.<\/p>\n<\/div><\/div><\/div><div class='avia-icon-circles-icon av-lv3ss8vi-604508015f9246860d064b967a9644d4 iconfont av-no-link avia-icon-circles-icon-2' data-icon-circles-icon=\"2\" aria-hidden='true' data-av_icon='\ue807' data-av_iconfont='entypo-fontello'><\/div><div class='avia-icon-circles-icon-text av-lv3ss8vi-604508015f9246860d064b967a9644d4 avia-icon-circles-icon-text-2' data-icon-circles-text=\"2\"><div class=\"avia-icon-circles-icon-text-inner\"><div class=\"icon-title\">Ganzheitliches Wohlbefinden<\/div><div class=\"icon-description\"><p>Durch die Kombination von Bewegung, Geschicklichkeit, Nahrung und Getr\u00e4nk m\u00f6chten wir sicherstellen, dass Hunde nicht nur k\u00f6rperlich, sondern auch geistig und emotional gesund bleiben.<\/p>\n<\/div><\/div><\/div><div class='avia-icon-circles-icon av-lv3suar1-72d3c63c388a44ce796082b5fdc26ff5 iconfont av-no-link avia-icon-circles-icon-3' data-icon-circles-icon=\"3\" aria-hidden='true' data-av_icon='\ue807' data-av_iconfont='entypo-fontello'><\/div><div class='avia-icon-circles-icon-text av-lv3suar1-72d3c63c388a44ce796082b5fdc26ff5 avia-icon-circles-icon-text-3' data-icon-circles-text=\"3\"><div class=\"avia-icon-circles-icon-text-inner\"><div class=\"icon-title\">Weltweite Erreichbarkeit<\/div><div class=\"icon-description\"><p>Unser Ziel ist es, Hunde und ihre Besitzer auf der ganzen Welt zu erreichen, indem wir eine globale Lieferung erm\u00f6glichen.<\/p>\n<\/div><\/div><\/div><div class='avia-icon-circles-icon av-lv3sw03x-05bd848641255b2dcbf65c296654f95c iconfont av-no-link avia-icon-circles-icon-4' data-icon-circles-icon=\"4\" aria-hidden='true' data-av_icon='\ue807' data-av_iconfont='entypo-fontello'><\/div><div class='avia-icon-circles-icon-text av-lv3sw03x-05bd848641255b2dcbf65c296654f95c avia-icon-circles-icon-text-4' data-icon-circles-text=\"4\"><div class=\"avia-icon-circles-icon-text-inner\"><div class=\"icon-title\">Innovation<\/div><div class=\"icon-description\"><p>Wir setzen uns f\u00fcr kontinuierliche Innovation ein, um unseren Kunden stets die besten und fortschrittlichsten Produkte zu bieten, die das Leben ihrer Hunde positiv beeinflussen.<\/p>\n<\/div><\/div><\/div><div class='avia-icon-circles-icon av-lv3sv87q-3cddcc8d691efb405ee855e5300b6267 iconfont av-no-link avia-icon-circles-icon-5' data-icon-circles-icon=\"5\" aria-hidden='true' data-av_icon='\ue807' data-av_iconfont='entypo-fontello'><\/div><div class='avia-icon-circles-icon-text av-lv3sv87q-3cddcc8d691efb405ee855e5300b6267 avia-icon-circles-icon-text-5' data-icon-circles-text=\"5\"><div class=\"avia-icon-circles-icon-text-inner\"><div class=\"icon-title\">Inklusivit\u00e4t<\/div><div class=\"icon-description\"><p>Wir m\u00f6chten sicherstellen, dass unsere Produkte f\u00fcr alle zug\u00e4nglich sind, indem wir M\u00f6glichkeiten f\u00fcr Tierheime, Hundeschulen und \u00e4ltere oder eingeschr\u00e4nkte Personen schaffen, um das PawPitcher-Erlebnis zu geniessen und von seinen Vorteilen zu profitieren.<\/p>\n<\/div><\/div><\/div><div class='avia-icon-circles-icon av-lv3sxjuu-ae0a4243499b84a00b1531b72f68b1d2 iconfont av-no-link avia-icon-circles-icon-6' data-icon-circles-icon=\"6\" aria-hidden='true' data-av_icon='\ue807' data-av_iconfont='entypo-fontello'><\/div><div class='avia-icon-circles-icon-text av-lv3sxjuu-ae0a4243499b84a00b1531b72f68b1d2 avia-icon-circles-icon-text-6' data-icon-circles-text=\"6\"><div class=\"avia-icon-circles-icon-text-inner\"><div class=\"icon-title\">Nachhaltigkeit<\/div><div class=\"icon-description\"><p>Wir verpflichten uns, umweltfreundliche Materialien und Produktionsverfahren zu nutzen, um sicherzustellen, dass unsere Produkte nicht nur den Bed\u00fcrfnissen von Hunden und ihren Besitzern gerecht werden, sondern auch unsere Verantwortung gegen\u00fcber der Umwelt respektieren.<\/p>\n<\/div><\/div><\/div><div class='avia-icon-circles-icon av-lv3sy24l-a69d31510349e48256ed466700fecf9d iconfont av-no-link avia-icon-circles-icon-7' data-icon-circles-icon=\"7\" aria-hidden='true' data-av_icon='\ue807' data-av_iconfont='entypo-fontello'><\/div><div class='avia-icon-circles-icon-text av-lv3sy24l-a69d31510349e48256ed466700fecf9d avia-icon-circles-icon-text-7' data-icon-circles-text=\"7\"><div class=\"avia-icon-circles-icon-text-inner\"><div class=\"icon-title\">Gl\u00fcckliche Momente<\/div><div class=\"icon-description\"><p>Letztendlich streben wir danach, unz\u00e4hlige gl\u00fcckliche Momente zwischen Mensch und Hund zu schaffen, die lebenslange Erinnerungen hinterlassen und eine tiefere Bindung zwischen ihnen f\u00f6rdern.<\/p>\n<\/div><\/div><\/div><div class='avia-icon-circles-icon av-lv3syq8t-308068ea894c9325fc5bb175874d6e73 iconfont av-no-link avia-icon-circles-icon-8' data-icon-circles-icon=\"8\" aria-hidden='true' data-av_icon='\ue807' data-av_iconfont='entypo-fontello'><\/div><div class='avia-icon-circles-icon-text av-lv3syq8t-308068ea894c9325fc5bb175874d6e73 avia-icon-circles-icon-text-8' data-icon-circles-text=\"8\"><div class=\"avia-icon-circles-icon-text-inner\"><div class=\"icon-title\">Barrierefreiheit<\/div><div class=\"icon-description\"><p>Unser Ziel ist es, Produkte anzubieten, die f\u00fcr alle Hunde und ihre Besitzer zug\u00e4nglich sind, unabh\u00e4ngig von ihrer Gr\u00f6sse, Rasse oder individuellen Bed\u00fcrfnissen.<\/p>\n<\/div><\/div><\/div><div class='avia-icon-circles-icon av-lv3szvlp-73455182651fecd33b11a9d081d14258 iconfont av-no-link avia-icon-circles-icon-9' data-icon-circles-icon=\"9\" aria-hidden='true' data-av_icon='\ue807' data-av_iconfont='entypo-fontello'><\/div><div class='avia-icon-circles-icon-text av-lv3szvlp-73455182651fecd33b11a9d081d14258 avia-icon-circles-icon-text-9' data-icon-circles-text=\"9\"><div class=\"avia-icon-circles-icon-text-inner\"><div class=\"icon-title\">Freiheit und Unabh\u00e4ngigkeit<\/div><div class=\"icon-description\"><p>Durch die Bereitstellung von Unterhaltungsm\u00f6glichkeiten f\u00fcr Hunde, die unabh\u00e4ngig von menschlicher Interaktion sind, m\u00f6chten wir den Hunden Freiheit und Selbstst\u00e4ndigkeit erm\u00f6glichen, w\u00e4hrend ihre Besitzer ihren eigenen Aktivit\u00e4ten nachgehen k\u00f6nnen.<\/p>\n<\/div><\/div><\/div><\/div><\/div>\n","protected":false},"excerpt":{"rendered":"","protected":false},"author":1,"featured_media":0,"parent":0,"menu_order":0,"comment_status":"closed","ping_status":"closed","template":"","meta":{"footnotes":""},"class_list":["post-286","page","type-page","status-publish","hentry"],"_links":{"self":[{"href":"https:\/\/zeerio.ch\/bellball\/wp-json\/wp\/v2\/pages\/286","targetHints":{"allow":["GET"]}}],"collection":[{"href":"https:\/\/zeerio.ch\/bellball\/wp-json\/wp\/v2\/pages"}],"about":[{"href":"https:\/\/zeerio.ch\/bellball\/wp-json\/wp\/v2\/types\/page"}],"author":[{"embeddable":true,"href":"https:\/\/zeerio.ch\/bellball\/wp-json\/wp\/v2\/users\/1"}],"replies":[{"embeddable":true,"href":"https:\/\/zeerio.ch\/bellball\/wp-json\/wp\/v2\/comments?post=286"}],"version-history":[{"count":10,"href":"https:\/\/zeerio.ch\/bellball\/wp-json\/wp\/v2\/pages\/286\/revisions"}],"predecessor-version":[{"id":305,"href":"https:\/\/zeerio.ch\/bellball\/wp-json\/wp\/v2\/pages\/286\/revisions\/305"}],"wp:attachment":[{"href":"https:\/\/zeerio.ch\/bellball\/wp-json\/wp\/v2\/media?parent=286"}],"curies":[{"name":"wp","href":"https:\/\/api.w.org\/{rel}","templated":true}]}}