{"id":220,"date":"2024-04-08T18:14:17","date_gmt":"2024-04-08T18:14:17","guid":{"rendered":"https:\/\/zeerio.ch\/bellball\/?page_id=220"},"modified":"2024-04-08T18:18:15","modified_gmt":"2024-04-08T18:18:15","slug":"datenschutz","status":"publish","type":"page","link":"https:\/\/zeerio.ch\/bellball\/datenschutz\/","title":{"rendered":"Datenschutz"},"content":{"rendered":"\n<style type=\"text\/css\" data-created_by=\"avia_inline_auto\" id=\"style-css-av-lur9zqp4-46af34c8008b1818b8ae553621c2526c\">\n#top .av-special-heading.av-lur9zqp4-46af34c8008b1818b8ae553621c2526c{\npadding-bottom:10px;\n}\nbody .av-special-heading.av-lur9zqp4-46af34c8008b1818b8ae553621c2526c .av-special-heading-tag .heading-char{\nfont-size:25px;\n}\n.av-special-heading.av-lur9zqp4-46af34c8008b1818b8ae553621c2526c .av-subheading{\nfont-size:15px;\n}\n<\/style>\n<div  class='av-special-heading av-lur9zqp4-46af34c8008b1818b8ae553621c2526c av-special-heading-h2  avia-builder-el-0  el_before_av_textblock  avia-builder-el-first '><h2 class='av-special-heading-tag'  itemprop=\"headline\"  >Datenschutz<\/h2><div class=\"special-heading-border\"><div class=\"special-heading-inner-border\"><\/div><\/div><\/div>\n<section  class='av_textblock_section av-av_textblock-9ee6daaf882f31bf75966532cda9493c '   itemscope=\"itemscope\" itemtype=\"https:\/\/schema.org\/CreativeWork\" ><div class='avia_textblock'  itemprop=\"text\" ><p>Der Schutz Ihrer pers\u00f6nlichen Daten ist uns ein sehr wichtiges Anliegen. Nachfolgend erkl\u00e4ren wir, welche Ihrer Daten wir zu welchem Zweck erfassen und nutzen: Bei jedem Zugriff eines\/r Nutzers\/-in auf eine Internet-Seite unseres Angebotes und bei jedem Abruf einer Datei werden Daten \u00fcber diesen Vorgang in einer Protokolldatei gespeichert. Diese Dateien sind nicht personenbezogen, wir k\u00f6nnen also nicht nachvollziehen, welche\/r Nutzer\/in welche Daten abgefragt hat. Im Einzelnen wird \u00fcber jeden Abruf folgender Datensatz gespeichert: &#8211; Name der abgerufenen Datei &#8211; Datum und Uhrzeit des Abrufs &#8211; \u00dcbertragene Datenmenge &#8211; Meldung, ob der Abruf erfolgreich war. Personenbezogene Nutzer-Profile werden nicht gebildet. R\u00fcckschl\u00fcsse auf Ihre Person sind nicht m\u00f6glich. Anonyme Informationen dieser Art werden von uns statistisch ausgewertet, um unseren Internetauftritt und die dahinterstehende Technik zu optimieren. Eine Weitergabe an Dritte findet nicht statt.<\/p>\n<p><strong>Pers\u00f6nliche Daten<\/strong><\/p>\n<p>Pers\u00f6nliche Daten, die der\/die Nutzer\/in uns beim Besuch unserer Homepage mitteilt, behandeln wir vertraulich. Wenn der\/die Nutzer\/in uns eine elektronische Nachricht (E-Mail) sendet und\/oder die Onlineformulare auf unserer Website ausf\u00fcllt und an uns elektronisch abschickt, speichern und verarbeiten wir die dort angegebenen Daten und Informationen dem jeweiligen von dem\/der Nutzer\/in beabsichtigten oder von uns angenommenen Zweck entsprechend, z.B. zur \u00dcbersendung der erbetenen Unterlagen oder Informationen oder zur Pr\u00fcfung der \u00fcbersandten Bewerbungsunterlagen. Diese pers\u00f6nlichen Daten werden nicht an konzernfremde Dritte weitergegeben. Wir weisen jedoch vorsorglich darauf hin, dass bei der \u00dcbertragung Ihrer Daten via Internet die M\u00f6glichkeit besteht, dass diese von Unbefugten zur Kenntnis genommen oder ver\u00e4ndert werden. Der\/die Nutzer\/in erkl\u00e4rt sein\/ihr Einverst\u00e4ndnis mit der vorstehenden Speicherung bzw. Verwendung der genannten Daten sowie der Verwendung von Cookies. Wenn Sie noch weitere Fragen zum Datenschutz im Zusammenhang mit dieser Webseite oder den zu Ihrer Person gespeicherten Daten haben, oder wenn Sie der Verwendung Ihrer Daten durch uns widersprechen m\u00f6chten, k\u00f6nnen Sie sich \u00fcber die Kontaktseite an uns wenden.<\/p>\n<p><strong>Cookies<\/strong><\/p>\n<p>Diese Website verwendet Cookies. Cookies sind kleine Textdateien, die beim Besuch dieser Website in Ihrem Computer dauerhaft oder tempor\u00e4r gespeichert werden. Zweck der Cookies ist insbesondere die Analyse der Nutzung dieser Website zur statistischen Auswertung sowie f\u00fcr kontinuierliche Verbesserungen. In Ihrem Browser k\u00f6nnen Sie Cookies in den Einstellungen jederzeit ganz oder teilweise deaktivieren. Bei deaktivierten Cookies stehen Ihnen allenfalls nicht mehr alle Funktionen dieser Website zur Verf\u00fcgung.<\/p>\n<p><strong>SSL-Verschl\u00fcsselung<\/strong><\/p>\n<p>Um die Sicherheit Ihrer Daten bei der \u00dcbertragung zu sch\u00fctzen, verwenden wir dem aktuellen Stand der Technik entsprechende Verschl\u00fcsselungsverfahren (z. B. SSL) \u00fcber HTTPS.<\/p>\n<p><strong>Kontaktformular<\/strong><\/p>\n<p>Wenn Sie uns per Kontaktformular Anfragen zukommen lassen, werden Ihre Angaben aus dem Anfrageformular inklusive der von Ihnen dort angegebenen Kontaktdaten zwecks Bearbeitung der Anfrage und f\u00fcr den Fall von Anschlussfragen bei uns gespeichert. Diese Daten geben wir nicht ohne Ihre Einwilligung weiter.<\/p>\n<p>Die Verarbeitung der in das Kontaktformular eingegebenen Daten erfolgt somit ausschlie\u00dflich auf Grundlage Ihrer Einwilligung (Art. 6 Abs. 1 lit. a DSGVO). Sie k\u00f6nnen diese Einwilligung jederzeit widerrufen. Dazu reicht eine formlose Mitteilung per E-Mail an uns. Die Rechtm\u00e4\u00dfigkeit der bis zum Widerruf erfolgten Datenverarbeitungsvorg\u00e4nge bleibt vom Widerruf unber\u00fchrt.<\/p>\n<p>Die von Ihnen im Kontaktformular eingegebenen Daten verbleiben bei uns, bis Sie uns zur L\u00f6schung auffordern, Ihre Einwilligung zur Speicherung widerrufen oder der Zweck f\u00fcr die Datenspeicherung entf\u00e4llt (z.B. nach abgeschlossener Bearbeitung Ihrer Anfrage). Zwingende gesetzliche Bestimmungen \u2013 insbesondere Aufbewahrungsfristen \u2013 bleiben unber\u00fchrt.<\/p>\n<p><strong>L\u00f6schung bzw. Sperrung der Daten<\/strong><\/p>\n<p>Wir halten uns an die Grunds\u00e4tze der Datenvermeidung und Datensparsamkeit. Wir speichern Ihre personenbezogenen Daten daher nur so lange, wie dies zur Erreichung der hier genannten Zwecke erforderlich ist oder wie es die vom Gesetzgeber vorgesehenen vielf\u00e4ltigen Speicherfristen vorsehen. Nach Fortfall des jeweiligen Zweckes bzw. Ablauf dieser Fristen werden die entsprechenden Daten routinem\u00e4\u00dfig und entsprechend den gesetzlichen Vorschriften gesperrt oder gel\u00f6scht.<\/p>\n<p><strong>Ihre Rechte auf Auskunft, Berichtigung, Sperre, L\u00f6schung und Widerspruch<\/strong><\/p>\n<p>Sie haben das Recht, jederzeit Auskunft \u00fcber Ihre bei uns gespeicherten personenbezogenen Daten zu erhalten. Ebenso haben Sie das Recht auf Berichtigung, Sperrung oder, abgesehen von der vorgeschriebenen Datenspeicherung zur Gesch\u00e4ftsabwicklung, L\u00f6schung Ihrer personenbezogenen Daten. Bitte wenden Sie sich dazu an unseren Datenschutzbeauftragten. Die Kontaktdaten finden Sie ganz unten.<\/p>\n<p>Damit eine Sperre von Daten jederzeit ber\u00fccksichtigt werden kann, m\u00fcssen diese Daten zu Kontrollzwecken in einer Sperrdatei vorgehalten werden. Sie k\u00f6nnen auch die L\u00f6schung der Daten verlangen, soweit keine gesetzliche Archivierungsverpflichtung besteht. Soweit eine solche Verpflichtung besteht, sperren wir Ihre Daten auf Wunsch.<\/p>\n<p>Sie k\u00f6nnen \u00c4nderungen oder den Widerruf einer Einwilligung durch entsprechende Mitteilung an uns mit Wirkung f\u00fcr die Zukunft vornehmen.<\/p>\n<p><strong>Dienste von Dritten<\/strong><br \/>\n<strong>\u00a0<\/strong><\/p>\n<p><strong>Matomo<\/strong><\/p>\n<p>Wir verwenden die freie Open Source-Software Matomo (ehemals Piwik) zur statistischen Auswertung der Nutzung unserer Websites ohne Personenbezug.<\/p>\n<p><strong>Hosting Cyon<\/strong><\/p>\n<p>Wir hosten unsere Website bei Cyon in Basel in der Schweiz. Wie bei jeder Verbindung mit einem Webserver protokolliert und speichert der Server unseres Webhosting-Anbieters cyon in Basel, Schweiz, bestimmte technische Daten. Zu diesen Daten geh\u00f6ren die IP-Adresse und das Betriebssystem Ihres Ger\u00e4ts, die Daten, die Zugriffszeit, die Art des Browsers sowie die Browser-Anfrage inklusive der Herkunft der Anfrage (Referrer). Dies ist aus technischen Gr\u00fcnden erforderlich, um Ihnen unsere Website zur Verf\u00fcgung zu stellen. cyon sch\u00fctzt diese Daten mit technischen und organisatorischen Massnahmen vor unerlaubten Zugriffen und gibt sie nicht an Dritte weiter. Soweit wir dabei personenbezogene Daten verarbeiten, tun wir dies aufgrund unseres Interesses, Ihnen die bestm\u00f6gliche Nutzererfahrung zu bieten und die Sicherheit und Stabilit\u00e4t unserer Systeme zu gew\u00e4hrleisten.<\/p>\n<p><strong>\u00c4nderung unserer Datenschutzbestimmungen<\/strong><\/p>\n<p>Wir behalten uns vor, diese Datenschutzerkl\u00e4rung gelegentlich anzupassen, damit sie stets den aktuellen rechtlichen Anforderungen entspricht oder um \u00c4nderungen unserer Leistungen in der Datenschutzerkl\u00e4rung umzusetzen, z. B. bei der Einf\u00fchrung neuer Services. F\u00fcr Ihren erneuten Besuch gilt dann die neue Datenschutzerkl\u00e4rung.<\/p>\n<p><strong>Fragen betreffend Datenschutz<\/strong><\/p>\n<p>Wenn Sie Fragen zum Datenschutz haben, schreiben Sie uns bitte eine E-Mail oder verwenden Sie das Kontaktformular.<\/p>\n<\/div><\/section>\n","protected":false},"excerpt":{"rendered":"","protected":false},"author":1,"featured_media":0,"parent":0,"menu_order":0,"comment_status":"closed","ping_status":"closed","template":"","meta":{"footnotes":""},"class_list":["post-220","page","type-page","status-publish","hentry"],"_links":{"self":[{"href":"https:\/\/zeerio.ch\/bellball\/wp-json\/wp\/v2\/pages\/220","targetHints":{"allow":["GET"]}}],"collection":[{"href":"https:\/\/zeerio.ch\/bellball\/wp-json\/wp\/v2\/pages"}],"about":[{"href":"https:\/\/zeerio.ch\/bellball\/wp-json\/wp\/v2\/types\/page"}],"author":[{"embeddable":true,"href":"https:\/\/zeerio.ch\/bellball\/wp-json\/wp\/v2\/users\/1"}],"replies":[{"embeddable":true,"href":"https:\/\/zeerio.ch\/bellball\/wp-json\/wp\/v2\/comments?post=220"}],"version-history":[{"count":2,"href":"https:\/\/zeerio.ch\/bellball\/wp-json\/wp\/v2\/pages\/220\/revisions"}],"predecessor-version":[{"id":224,"href":"https:\/\/zeerio.ch\/bellball\/wp-json\/wp\/v2\/pages\/220\/revisions\/224"}],"wp:attachment":[{"href":"https:\/\/zeerio.ch\/bellball\/wp-json\/wp\/v2\/media?parent=220"}],"curies":[{"name":"wp","href":"https:\/\/api.w.org\/{rel}","templated":true}]}}