{"id":183,"date":"2024-04-05T11:36:45","date_gmt":"2024-04-05T11:36:45","guid":{"rendered":"https:\/\/zeerio.ch\/bellball\/?page_id=183"},"modified":"2024-04-08T18:09:17","modified_gmt":"2024-04-08T18:09:17","slug":"impressum","status":"publish","type":"page","link":"https:\/\/zeerio.ch\/bellball\/impressum\/","title":{"rendered":"Impressum"},"content":{"rendered":"\n<style type=\"text\/css\" data-created_by=\"avia_inline_auto\" id=\"style-css-av-lur9nne6-e682fdceed870f11e0175681c480f956\">\n#top .av-special-heading.av-lur9nne6-e682fdceed870f11e0175681c480f956{\npadding-bottom:10px;\n}\nbody .av-special-heading.av-lur9nne6-e682fdceed870f11e0175681c480f956 .av-special-heading-tag .heading-char{\nfont-size:25px;\n}\n.av-special-heading.av-lur9nne6-e682fdceed870f11e0175681c480f956 .av-subheading{\nfont-size:15px;\n}\n<\/style>\n<div  class='av-special-heading av-lur9nne6-e682fdceed870f11e0175681c480f956 av-special-heading-h2  avia-builder-el-0  el_before_av_textblock  avia-builder-el-first '><h2 class='av-special-heading-tag'  itemprop=\"headline\"  >Impressum<\/h2><div class=\"special-heading-border\"><div class=\"special-heading-inner-border\"><\/div><\/div><\/div>\n<section  class='av_textblock_section av-lumlbtbe-da4c827e701664c804704fd3224e7b4f '   itemscope=\"itemscope\" itemtype=\"https:\/\/schema.org\/CreativeWork\" ><div class='avia_textblock'  itemprop=\"text\" ><p><span class=\"ui-provider ec bcx bcy bcz bda bdb bdc bdd bde bdf bdg bdh bdi bdj bdk bdl bdm bdn bdo bdp bdq bdr bds bdt bdu bdv bdw bdx bdy bdz bea beb bec bed bee\" dir=\"ltr\"><strong>Verantwortliche Instanz:<\/strong><br \/>\nBellBall GmbH<br \/>\nAttinghauserstrasse 12<br \/>\n6460 Altdorf<br \/>\nSchweiz<br \/>\n<strong>E-Mail<\/strong>: bellballgmbh@gmail.com<\/span><\/p>\n<p><strong>Vertretungsberechtigte Personen<\/strong><br \/>\nOlivia Smith und Emely Johansson<\/p>\n<p><strong>Name des Unternehmens<\/strong>: BellBall GmbH<\/p>\n<p><strong>Haftungsausschluss<\/strong><br \/>\nDer Autor \u00fcbernimmt keine Gew\u00e4hr f\u00fcr die Richtigkeit, Genauigkeit, Aktualit\u00e4t, Zuverl\u00e4ssigkeit und Vollst\u00e4ndigkeit der Informationen.<br \/>\nHaftungsanspr\u00fcche gegen den Autor wegen Sch\u00e4den materieller oder immaterieller Art, die aus dem Zugriff oder der Nutzung bzw. Nichtnutzung der ver\u00f6ffentlichten Informationen, durch Missbrauch der Verbindung oder durch technische St\u00f6rungen entstanden sind, werden ausgeschlossen.<\/p>\n<p>Alle Angebote sind freibleibend. Der Autor beh\u00e4lt es sich ausdr\u00fccklich vor, Teile der Seiten oder das gesamte Angebot ohne gesonderte Ank\u00fcndigung zu ver\u00e4ndern, zu erg\u00e4nzen, zu l\u00f6schen oder die Ver\u00f6ffentlichung zeitweise oder endg\u00fcltig einzustellen.<\/p>\n<p><strong>Haftungsausschluss f\u00fcr Inhalte und Links<\/strong><br \/>\nVerweise und Links auf Webseiten Dritter liegen ausserhalb unseres Verantwortungsbereichs. Es wird jegliche Verantwortung f\u00fcr solche Webseiten abgelehnt. Der Zugriff und die Nutzung solcher Webseiten erfolgen auf eigene Gefahr des jeweiligen Nutzers.<\/p>\n<p><strong>Urheberrechtserkl\u00e4rung<\/strong><br \/>\nDie Urheber- und alle anderen Rechte an Inhalten, Bildern, Fotos oder anderen Dateien auf dieser Website, geh\u00f6ren ausschliesslich BellBall GmbH oder den speziell genannten Rechteinhabern. F\u00fcr die Reproduktion jeglicher Elemente ist die schriftliche Zustimmung des Urheberrechtstr\u00e4gers im Voraus einzuholen.<\/p>\n<p><strong>Quelle<\/strong>: <a class=\"fui-Link ___1rxvrpe f2hkw1w f3rmtva f1ewtqcl fyind8e f1k6fduh f1w7gpdv fk6fouc fjoy568 figsok6 f1hu3pq6 f11qmguv f19f4twv f1tyq0we f1g0x7ka fhxju0i f1qch9an f1cnd47f fqv5qza f1vmzxwi f1o700av f13mvf36 f1cmlufx f9n3di6 f1ids18y f1tx3yz7 f1deo86v f1eh06m1 f1iescvh fhgqx19 f1olyrje f1p93eir f1nev41a f1h8hb77 f1lqvz6u f10aw75t fsle3fq f17ae5zn\" title=\"https:\/\/brainbox.swiss\/\" href=\"https:\/\/brainbox.swiss\/\" target=\"_blank\" rel=\"noreferrer noopener\" aria-label=\"Link BrainBox Solutions\">BrainBox Solutions<\/a><\/p>\n<\/div><\/section>\n","protected":false},"excerpt":{"rendered":"","protected":false},"author":1,"featured_media":0,"parent":0,"menu_order":0,"comment_status":"closed","ping_status":"closed","template":"","meta":{"footnotes":""},"class_list":["post-183","page","type-page","status-publish","hentry"],"_links":{"self":[{"href":"https:\/\/zeerio.ch\/bellball\/wp-json\/wp\/v2\/pages\/183","targetHints":{"allow":["GET"]}}],"collection":[{"href":"https:\/\/zeerio.ch\/bellball\/wp-json\/wp\/v2\/pages"}],"about":[{"href":"https:\/\/zeerio.ch\/bellball\/wp-json\/wp\/v2\/types\/page"}],"author":[{"embeddable":true,"href":"https:\/\/zeerio.ch\/bellball\/wp-json\/wp\/v2\/users\/1"}],"replies":[{"embeddable":true,"href":"https:\/\/zeerio.ch\/bellball\/wp-json\/wp\/v2\/comments?post=183"}],"version-history":[{"count":5,"href":"https:\/\/zeerio.ch\/bellball\/wp-json\/wp\/v2\/pages\/183\/revisions"}],"predecessor-version":[{"id":219,"href":"https:\/\/zeerio.ch\/bellball\/wp-json\/wp\/v2\/pages\/183\/revisions\/219"}],"wp:attachment":[{"href":"https:\/\/zeerio.ch\/bellball\/wp-json\/wp\/v2\/media?parent=183"}],"curies":[{"name":"wp","href":"https:\/\/api.w.org\/{rel}","templated":true}]}}