{"id":14,"date":"2024-02-26T23:57:16","date_gmt":"2024-02-26T23:57:16","guid":{"rendered":"https:\/\/zeerio.ch\/bellball\/?page_id=14"},"modified":"2025-09-06T09:59:08","modified_gmt":"2025-09-06T09:59:08","slug":"startseite","status":"publish","type":"page","link":"https:\/\/zeerio.ch\/bellball\/","title":{"rendered":"Startseite"},"content":{"rendered":"<div  class='flex_column av-1eij2-24d87973faf631b63b6ac2fa2d669598 av_one_full  avia-builder-el-0  el_before_av_textblock  avia-builder-el-first  first flex_column_div  '     ><style type=\"text\/css\" data-created_by=\"avia_inline_auto\" id=\"style-css-av-1495u-960e79570af530b7753dd1075e1a31fd\">\n#top .av-special-heading.av-1495u-960e79570af530b7753dd1075e1a31fd{\npadding-bottom:10px;\nfont-size:4vw;\n}\nbody .av-special-heading.av-1495u-960e79570af530b7753dd1075e1a31fd .av-special-heading-tag .heading-char{\nfont-size:25px;\n}\n#top #wrap_all .av-special-heading.av-1495u-960e79570af530b7753dd1075e1a31fd .av-special-heading-tag{\nfont-size:4vw;\n}\n.av-special-heading.av-1495u-960e79570af530b7753dd1075e1a31fd .av-subheading{\nfont-size:15px;\n}\n\n@media only screen and (min-width: 480px) and (max-width: 767px){ \n#top #wrap_all .av-special-heading.av-1495u-960e79570af530b7753dd1075e1a31fd .av-special-heading-tag{\nfont-size:0.8em;\n}\n}\n\n@media only screen and (max-width: 479px){ \n#top #wrap_all .av-special-heading.av-1495u-960e79570af530b7753dd1075e1a31fd .av-special-heading-tag{\nfont-size:0.8em;\n}\n}\n<\/style>\n<div  class='av-special-heading av-1495u-960e79570af530b7753dd1075e1a31fd av-special-heading-h3 blockquote modern-quote modern-centered  avia-builder-el-1  avia-builder-el-no-sibling  av-inherit-size'><h3 class='av-special-heading-tag'  itemprop=\"headline\"  >Willkommen bei Moni\u2019s Backstube<\/h3><div class=\"special-heading-border\"><div class=\"special-heading-inner-border\"><\/div><\/div><\/div><\/div>\n\n<style type=\"text\/css\" data-created_by=\"avia_inline_auto\" id=\"style-css-av-lt3ml1qu-0e944b886108e68e931577042c302871\">\n#top .av_textblock_section.av-lt3ml1qu-0e944b886108e68e931577042c302871 .avia_textblock{\nfont-size:20px;\n}\n<\/style>\n<section  class='av_textblock_section av-lt3ml1qu-0e944b886108e68e931577042c302871 '   itemscope=\"itemscope\" itemtype=\"https:\/\/schema.org\/CreativeWork\" ><div class='avia_textblock'  itemprop=\"text\" ><p style=\"text-align: center;\">Handgemachte Backwaren aus besten Zutaten \u2013 frisch, lecker und mit viel Herz gebacken.<\/p>\n<\/div><\/section>\n<\/div><\/div><\/div><!-- close content main div --><\/div><\/div><div id='full_slider_1'  class='avia-fullwidth-slider main_color avia-shadow   avia-builder-el-3  el_after_av_textblock  el_before_av_icon_box   slider-not-first container_wrap sidebar_right'  ><div  class='avia-slideshow av-lt3md0jc-3d5eaeb98b320e7bc1703bb5234e6f8f avia-slideshow-featured av_slideshow_full avia-slide-slider av-slideshow-ui av-control-hidden av-no-slider-navigation av-hide-nav-arrows av-slideshow-manual av-loop-once av-loop-manual-endless av-default-height-applied   avia-slideshow-1' data-slideshow-options=\"{&quot;animation&quot;:&quot;slide&quot;,&quot;autoplay&quot;:false,&quot;loop_autoplay&quot;:&quot;once&quot;,&quot;interval&quot;:5,&quot;loop_manual&quot;:&quot;manual-endless&quot;,&quot;autoplay_stopper&quot;:false,&quot;noNavigation&quot;:true,&quot;bg_slider&quot;:false,&quot;keep_padding&quot;:false,&quot;hoverpause&quot;:false,&quot;show_slide_delay&quot;:0}\"  itemprop=\"image\" itemscope=\"itemscope\" itemtype=\"https:\/\/schema.org\/ImageObject\" ><ul class='avia-slideshow-inner ' style='padding-bottom: 28.666666666667%;'><li  class='avia-slideshow-slide av-lt3md0jc-3d5eaeb98b320e7bc1703bb5234e6f8f__0  av-single-slide slide-1 slide-odd'><div data-rel='slideshow-1' class='avia-slide-wrap '   ><img decoding=\"async\" fetchpriority=\"high\" class=\"wp-image-390 avia-img-lazy-loading-not-390\"  src=\"https:\/\/zeerio.ch\/bellball\/wp-content\/uploads\/2025\/09\/brot-1500x430.jpg\" width=\"1500\" height=\"430\" title='brot' alt=''  itemprop=\"thumbnailUrl\"  style='min-height:200px; min-width:698px; ' \/><\/div><\/li><\/ul><\/div><\/div><div id='after_full_slider_1'  class='main_color av_default_container_wrap container_wrap sidebar_right'  ><div class='container av-section-cont-open' ><div class='template-page content  av-content-small alpha units'><div class='post-entry post-entry-type-page post-entry-14'><div class='entry-content-wrapper clearfix'>\n\n<style type=\"text\/css\" data-created_by=\"avia_inline_auto\" id=\"style-css-av-lt4bzcko-91f2bf5eb2b12489493aad69287efc29\">\n#top #wrap_all .iconbox.av-lt4bzcko-91f2bf5eb2b12489493aad69287efc29 .iconbox_content_title{\nfont-size:20px;\n}\n.iconbox.av-lt4bzcko-91f2bf5eb2b12489493aad69287efc29 .iconbox_content_container{\nfont-size:14px;\n}\n<\/style>\n<article  class='iconbox iconbox_left_content av-lt4bzcko-91f2bf5eb2b12489493aad69287efc29  avia-builder-el-4  el_after_av_slideshow_full  el_before_av_one_half  avia-builder-el-first '  itemscope=\"itemscope\" itemtype=\"https:\/\/schema.org\/CreativeWork\" ><div class=\"iconbox_icon heading-color\" aria-hidden='true' data-av_icon='\ue82a' data-av_iconfont='entypo-fontello'><\/div><div class=\"iconbox_content\"><header class=\"entry-content-header\"><h3 class='iconbox_content_title '  itemprop=\"headline\" >Unternehmensgrunds\u00e4tze<\/h3><\/header><div class='iconbox_content_container '  itemprop=\"text\" ><p data-start=\"135\" data-end=\"345\">Bei mir dreht sich alles um handgemachte Backwaren, die mit Herz und Erfahrung hergestellt werden. Ich m\u00f6chte euch leckere Brote, Kuchen und Geb\u00e4ck bieten, die frisch, nat\u00fcrlich und von bester Qualitaet sind.<\/p>\n<p data-start=\"347\" data-end=\"568\">Meine Backwaren werden mit viel Liebe zubereitet und bestehen ausschliesslich aus hochwertigen Zutaten \u2013 ohne Konservierungsstoffe oder Zusatzstoffe. Hier sind einige Gr\u00fcnde, warum meine Produkte etwas Besonderes sind:<\/p>\n<ol>\n<li><strong>Mit Liebe gebacken<\/strong><br \/>\nBei mir kommt nur das Beste in den Ofen. Ich verwende frische Zutaten aus der Region und backe jedes Brot, jeden Kuchen und jedes Geb\u00e4ckst\u00fcck mit viel Liebe zum Detail. Es werden keine Konservierungsstoffe oder Zusatzstoffe verwendet. So schmeckt man echte Handarbeit.<\/li>\n<li><strong>T\u00e4glich frisch<\/strong><br \/>\nAlles, was meinen Hof verl\u00e4sst, wird t\u00e4glich frisch gebacken und direkt zur Abholung bereitgestellt. So k\u00f6nnt ihr immer den besten Geschmack geniessen.<\/li>\n<li><strong>Nachhaltigkeit<\/strong><br \/>\nRegional und bewusst lautet mein Motto. Ich achte auf saisonale Zutaten und gestalte Verpackung und Transport so nachhaltig wie m\u00f6glich. So unterst\u00fctzt ihr nicht nur meinen Hof, sondern auch die Umwelt.<\/li>\n<\/ol>\n<\/div><\/div><footer class=\"entry-footer\"><\/footer><\/article>\n<div  class='flex_column av-1xw7q-b5dbbb2c96582d092fdc3ff676ec14b2 av_one_half  avia-builder-el-5  el_after_av_icon_box  el_before_av_one_half  first flex_column_div  '     ><article  class='iconbox iconbox_top av-lt43tmbr-ff8479f2f9e5e00744e173096cf967eb  avia-builder-el-6  avia-builder-el-no-sibling  main_color'  itemscope=\"itemscope\" itemtype=\"https:\/\/schema.org\/CreativeWork\" ><div class=\"iconbox_content\"><header class=\"entry-content-header\"><div class=\"iconbox_icon heading-color\" aria-hidden='true' data-av_icon='\ue80a' data-av_iconfont='entypo-fontello'><\/div><h3 class='iconbox_content_title '  itemprop=\"headline\" >Kompetenz<\/h3><\/header><div class='iconbox_content_container '  itemprop=\"text\" ><p>Jedes Brot und jeder Kuchen wird von mir mit langj\u00e4hriger Erfahrung und viel Know-how gebacken. Ich achte auf Qualit\u00e4t, Frische und handwerkliche Perfektion bei jedem Produkt.<\/p>\n<\/div><\/div><footer class=\"entry-footer\"><\/footer><\/article><\/div>\n<div  class='flex_column av-osam-3a3f2845f4450df700eb8f1609278c66 av_one_half  avia-builder-el-7  el_after_av_one_half  avia-builder-el-last  flex_column_div  '     ><article  class='iconbox iconbox_top av-lt43xqcc-cdf357a9db9257bc31ab45d1130a2482  avia-builder-el-8  avia-builder-el-no-sibling  main_color'  itemscope=\"itemscope\" itemtype=\"https:\/\/schema.org\/CreativeWork\" ><div class=\"iconbox_content\"><header class=\"entry-content-header\"><div class=\"iconbox_icon heading-color\" aria-hidden='true' data-av_icon='\ue8dd' data-av_iconfont='entypo-fontello'><\/div><h3 class='iconbox_content_title '  itemprop=\"headline\" >Leidenschaft<\/h3><\/header><div class='iconbox_content_container '  itemprop=\"text\" ><p>Backen ist meine Leidenschaft. Mit jedem Kuchen und Brot m\u00f6chte ich Freude und Genuss auf euren Tisch bringen.<\/p>\n<\/div><\/div><footer class=\"entry-footer\"><\/footer><\/article><\/div>\n","protected":false},"excerpt":{"rendered":"","protected":false},"author":1,"featured_media":0,"parent":0,"menu_order":0,"comment_status":"closed","ping_status":"closed","template":"","meta":{"footnotes":""},"class_list":["post-14","page","type-page","status-publish","hentry"],"_links":{"self":[{"href":"https:\/\/zeerio.ch\/bellball\/wp-json\/wp\/v2\/pages\/14","targetHints":{"allow":["GET"]}}],"collection":[{"href":"https:\/\/zeerio.ch\/bellball\/wp-json\/wp\/v2\/pages"}],"about":[{"href":"https:\/\/zeerio.ch\/bellball\/wp-json\/wp\/v2\/types\/page"}],"author":[{"embeddable":true,"href":"https:\/\/zeerio.ch\/bellball\/wp-json\/wp\/v2\/users\/1"}],"replies":[{"embeddable":true,"href":"https:\/\/zeerio.ch\/bellball\/wp-json\/wp\/v2\/comments?post=14"}],"version-history":[{"count":28,"href":"https:\/\/zeerio.ch\/bellball\/wp-json\/wp\/v2\/pages\/14\/revisions"}],"predecessor-version":[{"id":392,"href":"https:\/\/zeerio.ch\/bellball\/wp-json\/wp\/v2\/pages\/14\/revisions\/392"}],"wp:attachment":[{"href":"https:\/\/zeerio.ch\/bellball\/wp-json\/wp\/v2\/media?parent=14"}],"curies":[{"name":"wp","href":"https:\/\/api.w.org\/{rel}","templated":true}]}}